{"id":170,"date":"2018-09-23T15:32:44","date_gmt":"2018-09-23T13:32:44","guid":{"rendered":"https:\/\/blog.plaidissimo.fr\/?page_id=170"},"modified":"2023-12-11T23:42:59","modified_gmt":"2023-12-11T22:42:59","slug":"posts-top-3","status":"publish","type":"page","link":"https:\/\/www.plaidissimo.fr\/blog\/","title":{"rendered":"Posts top 3"},"content":{"rendered":"\n<h2 class=\"has-text-align-center wp-block-heading\">Les tendances du moment<\/h2>\n\n\n\n<div style=\"height:40px\" aria-hidden=\"true\" class=\"wp-block-spacer\"><\/div>\n\n\n<section class=\"ab-block-post-grid featuredpost aligncenter\"><div class=\"ab-post-grid-items is-grid columns-3\"><article id=\"post-513\" class=\"ab-post-grid-item post-513 post type-post status-publish format-standard has-post-thumbnail hentry category-home category-plaids\"><div class=\"ab-block-post-grid-image\"><a href=\"https:\/\/www.plaidissimo.fr\/blog\/comment-choisir-couleur-plaid\/\" rel=\"bookmark\" aria-hidden=\"true\" tabindex=\"-1\"><img loading=\"lazy\" decoding=\"async\" width=\"838\" height=\"500\" src=\"https:\/\/www.plaidissimo.fr\/blog\/wp-content\/uploads\/2019\/02\/plaids-de-couleur-home.png\" class=\"attachment-full size-full\" alt=\"Plaids de couleur\" srcset=\"https:\/\/www.plaidissimo.fr\/blog\/wp-content\/uploads\/2019\/02\/plaids-de-couleur-home.png 838w, https:\/\/www.plaidissimo.fr\/blog\/wp-content\/uploads\/2019\/02\/plaids-de-couleur-home-248x148.png 248w, https:\/\/www.plaidissimo.fr\/blog\/wp-content\/uploads\/2019\/02\/plaids-de-couleur-home-355x212.png 355w, https:\/\/www.plaidissimo.fr\/blog\/wp-content\/uploads\/2019\/02\/plaids-de-couleur-home-768x458.png 768w, https:\/\/www.plaidissimo.fr\/blog\/wp-content\/uploads\/2019\/02\/plaids-de-couleur-home-700x418.png 700w, https:\/\/www.plaidissimo.fr\/blog\/wp-content\/uploads\/2019\/02\/plaids-de-couleur-home-599x357.png 599w, https:\/\/www.plaidissimo.fr\/blog\/wp-content\/uploads\/2019\/02\/plaids-de-couleur-home-300x179.png 300w\" sizes=\"auto, 100vw\" \/><\/a><\/div><div class=\"ab-block-post-grid-text\"><header class=\"ab-block-post-grid-header\"><h3 class=\"ab-block-post-grid-title\"><a href=\"https:\/\/www.plaidissimo.fr\/blog\/comment-choisir-couleur-plaid\/\" rel=\"bookmark\">Comment choisir la bonne couleur pour votre plaid ?<\/a><\/h3><div class=\"ab-block-post-grid-byline\"><\/div><\/header><div class=\"ab-block-post-grid-excerpt\"><p>\u00ab\u00a0Quelle couleur choisir pou mon plaid ?\u00a0\u00bb S&rsquo;il est une question \u00e0 laquelle vous devez imp\u00e9rativement r\u00e9pondre lors de l&rsquo;achat de votre prochain plaid, celle-ci ferra r\u00e9f\u00e9rence \u00e0 sa couleur. Pour y r\u00e9pondre, j&rsquo;ai sollicit\u00e9 une Parole d&rsquo;Experts en la personne d&rsquo;Olivier Francheteau, d\u00e9corateur d&rsquo;int\u00e9rieur.<\/p>\n<p><a class=\"ab-block-post-grid-more-link ab-text-link\" href=\"https:\/\/www.plaidissimo.fr\/blog\/comment-choisir-couleur-plaid\/\" rel=\"bookmark\">Lire la suite&#8230; <span class=\"screen-reader-text\">Comment choisir la bonne couleur pour votre plaid ?<\/span><\/a><\/p><\/div><\/div><\/article>\n<article id=\"post-149\" class=\"ab-post-grid-item post-149 post type-post status-publish format-standard has-post-thumbnail hentry category-home category-plaids\"><div class=\"ab-block-post-grid-image\"><a href=\"https:\/\/www.plaidissimo.fr\/blog\/laine-alpaga-nouvelle-tendance\/\" rel=\"bookmark\" aria-hidden=\"true\" tabindex=\"-1\"><img loading=\"lazy\" decoding=\"async\" width=\"838\" height=\"500\" src=\"https:\/\/www.plaidissimo.fr\/blog\/wp-content\/uploads\/2018\/11\/elevage-alpaga-source.jpg\" class=\"attachment-full size-full\" alt=\"Laine d&#039;Alpaga provenant d&#039;Alpagas\" srcset=\"https:\/\/www.plaidissimo.fr\/blog\/wp-content\/uploads\/2018\/11\/elevage-alpaga-source.jpg 838w, https:\/\/www.plaidissimo.fr\/blog\/wp-content\/uploads\/2018\/11\/elevage-alpaga-source-248x148.jpg 248w, https:\/\/www.plaidissimo.fr\/blog\/wp-content\/uploads\/2018\/11\/elevage-alpaga-source-355x212.jpg 355w, https:\/\/www.plaidissimo.fr\/blog\/wp-content\/uploads\/2018\/11\/elevage-alpaga-source-768x458.jpg 768w, https:\/\/www.plaidissimo.fr\/blog\/wp-content\/uploads\/2018\/11\/elevage-alpaga-source-700x418.jpg 700w, https:\/\/www.plaidissimo.fr\/blog\/wp-content\/uploads\/2018\/11\/elevage-alpaga-source-599x357.jpg 599w, https:\/\/www.plaidissimo.fr\/blog\/wp-content\/uploads\/2018\/11\/elevage-alpaga-source-300x179.jpg 300w\" sizes=\"auto, 100vw\" \/><\/a><\/div><div class=\"ab-block-post-grid-text\"><header class=\"ab-block-post-grid-header\"><h3 class=\"ab-block-post-grid-title\"><a href=\"https:\/\/www.plaidissimo.fr\/blog\/laine-alpaga-nouvelle-tendance\/\" rel=\"bookmark\">Laine Alpaga \u2013 Nouvelle tendance<\/a><\/h3><div class=\"ab-block-post-grid-byline\"><\/div><\/header><div class=\"ab-block-post-grid-excerpt\"><p>La laine alpaga est tr\u00e8s appr\u00e9ci\u00e9 dans le monde entier et s\u2019impose comme une nouvelle tendance. La laine alpaga combine les propri\u00e9t\u00e9 curatives de la laine de chameaux tout en \u00e9tant une laine beaucoup plus l\u00e9g\u00e8re, moelleuse et soyeuse. Les fibres d\u2019alpaga sont plus droites que la laine de chameau ou de mouton, elles sont\u2026<\/p>\n<p><a class=\"ab-block-post-grid-more-link ab-text-link\" href=\"https:\/\/www.plaidissimo.fr\/blog\/laine-alpaga-nouvelle-tendance\/\" rel=\"bookmark\">Lire la suite&#8230; <span class=\"screen-reader-text\">Laine Alpaga \u2013 Nouvelle tendance<\/span><\/a><\/p><\/div><\/div><\/article>\n<article id=\"post-97\" class=\"ab-post-grid-item post-97 post type-post status-publish format-standard has-post-thumbnail hentry category-home category-plaids\"><div class=\"ab-block-post-grid-image\"><a href=\"https:\/\/www.plaidissimo.fr\/blog\/comment-laver-nettoyer-mon-plaid\/\" rel=\"bookmark\" aria-hidden=\"true\" tabindex=\"-1\"><img loading=\"lazy\" decoding=\"async\" width=\"838\" height=\"500\" src=\"https:\/\/www.plaidissimo.fr\/blog\/wp-content\/uploads\/2018\/11\/comment-nettoyer-et-laver-un-plaid-source.jpg\" class=\"attachment-full size-full\" alt=\"Comment nettoyer et laver un plaid ?\" srcset=\"https:\/\/www.plaidissimo.fr\/blog\/wp-content\/uploads\/2018\/11\/comment-nettoyer-et-laver-un-plaid-source.jpg 838w, https:\/\/www.plaidissimo.fr\/blog\/wp-content\/uploads\/2018\/11\/comment-nettoyer-et-laver-un-plaid-source-248x148.jpg 248w, https:\/\/www.plaidissimo.fr\/blog\/wp-content\/uploads\/2018\/11\/comment-nettoyer-et-laver-un-plaid-source-355x212.jpg 355w, https:\/\/www.plaidissimo.fr\/blog\/wp-content\/uploads\/2018\/11\/comment-nettoyer-et-laver-un-plaid-source-768x458.jpg 768w, https:\/\/www.plaidissimo.fr\/blog\/wp-content\/uploads\/2018\/11\/comment-nettoyer-et-laver-un-plaid-source-700x418.jpg 700w, https:\/\/www.plaidissimo.fr\/blog\/wp-content\/uploads\/2018\/11\/comment-nettoyer-et-laver-un-plaid-source-599x357.jpg 599w, https:\/\/www.plaidissimo.fr\/blog\/wp-content\/uploads\/2018\/11\/comment-nettoyer-et-laver-un-plaid-source-300x179.jpg 300w\" sizes=\"auto, 100vw\" \/><\/a><\/div><div class=\"ab-block-post-grid-text\"><header class=\"ab-block-post-grid-header\"><h3 class=\"ab-block-post-grid-title\"><a href=\"https:\/\/www.plaidissimo.fr\/blog\/comment-laver-nettoyer-mon-plaid\/\" rel=\"bookmark\">Comment laver &#038; nettoyer mon plaid ?<\/a><\/h3><div class=\"ab-block-post-grid-byline\"><\/div><\/header><div class=\"ab-block-post-grid-excerpt\"><p>Le nettoyage d\u2019un plaid et son entretien d\u00e9pendent avant tout de la mati\u00e8re de ce dernier. Nous allons donc tenter de r\u00e9pondre \u00e0 la question \u00ab comment nettoyer mon plaid ? \u00bb, mati\u00e8re par mati\u00e8re&#8230; La laine est une mani\u00e8re tr\u00e8s d\u00e9licate. Pour cette raison le nettoyage et l\u2019entretien d\u2019un plaid en laine doit \u00eatre\u2026<\/p>\n<p><a class=\"ab-block-post-grid-more-link ab-text-link\" href=\"https:\/\/www.plaidissimo.fr\/blog\/comment-laver-nettoyer-mon-plaid\/\" rel=\"bookmark\">Lire la suite&#8230; <span class=\"screen-reader-text\">Comment laver &#038; nettoyer mon plaid ?<\/span><\/a><\/p><\/div><\/div><\/article>\n<\/div><\/section><!-- Begin Yuzo --><div class='yuzo_related_post style-1'  data-version='5.12.84'><!-- without result --><div class='yuzo_clearfixed yuzo__title yuzo__title'><h3>Poursuivez votre lecture<\/h3><\/div>\n\t\t\t\t\t\t  <div class=\"relatedthumb \" style=\"width:248px;float:left;overflow:hidden;\">  \n\t\t\t\t\t\t\t  \n\t\t\t\t\t\t\t  <a  href=\"https:\/\/www.plaidissimo.fr\/blog\/alpaka-plaids-de-luxe-venus-perou\/\"  >\n\t\t\t\t\t\t\t\t\t  <div class=\"yuzo-img-wrap \" style=\"width: 248px;height:213px;\">\n\t\t\t\t\t\t\t\t\t\t\n\t\t\t\t\t\t\t\t\t\t<div class=\"yuzo-img\" style=\"background:url('https:\/\/www.plaidissimo.fr\/blog\/wp-content\/uploads\/2018\/11\/alpaka-plaid-ambiance-design-source-355x212.jpg') 50% 50% no-repeat;width: 248px;height:213px;margin-bottom: 5px;background-size: cover; \"><\/div>\n\t\t\t\t\t\t\t\t\t  <\/div>\n\t\t\t\t\t\t\t\t\t  \n\t\t\t\t\t\t\t\t   <span class=\"yuzo__text--title\" style=\"font-size:16px;\">Alpaka \u2013 Plaids de luxe venus du P\u00e9rou<\/span>\n\t\t\t\t\t\t\t  \n\t\t\t\t\t\t\t  \n\t\t\t\t\t\t\t  <\/a>\n\n\t\t\t\t\t\t  <\/div>\n\t\t\t\t\t\t  <div class=\"relatedthumb \" style=\"width:248px;float:left;overflow:hidden;\">  \n\t\t\t\t\t\t\t  \n\t\t\t\t\t\t\t  <a  href=\"https:\/\/www.plaidissimo.fr\/blog\/lin-histoire-de-cette-matiere-ecologique\/\"  >\n\t\t\t\t\t\t\t\t\t  <div class=\"yuzo-img-wrap \" style=\"width: 248px;height:213px;\">\n\t\t\t\t\t\t\t\t\t\t\n\t\t\t\t\t\t\t\t\t\t<div class=\"yuzo-img\" style=\"background:url('https:\/\/www.plaidissimo.fr\/blog\/wp-content\/uploads\/2021\/07\/fleure-de-lin-318x212.jpg') 50% 50% no-repeat;width: 248px;height:213px;margin-bottom: 5px;background-size: cover; \"><\/div>\n\t\t\t\t\t\t\t\t\t  <\/div>\n\t\t\t\t\t\t\t\t\t  \n\t\t\t\t\t\t\t\t   <span class=\"yuzo__text--title\" style=\"font-size:16px;\">Lin \u2013 Histoire de cette mati\u00e8re \u00e9cologique<\/span>\n\t\t\t\t\t\t\t  \n\t\t\t\t\t\t\t  \n\t\t\t\t\t\t\t  <\/a>\n\n\t\t\t\t\t\t  <\/div>\n\t\t\t\t\t\t  <div class=\"relatedthumb \" style=\"width:248px;float:left;overflow:hidden;\">  \n\t\t\t\t\t\t\t  \n\t\t\t\t\t\t\t  <a  href=\"https:\/\/www.plaidissimo.fr\/blog\/ouverture-boutique-plaids\/\"  >\n\t\t\t\t\t\t\t\t\t  <div class=\"yuzo-img-wrap \" style=\"width: 248px;height:213px;\">\n\t\t\t\t\t\t\t\t\t\t\n\t\t\t\t\t\t\t\t\t\t<div class=\"yuzo-img\" style=\"background:url('https:\/\/www.plaidissimo.fr\/blog\/wp-content\/uploads\/2018\/11\/Plaidissimo-Site-e-Commerce-Plaids-pour-Blog-source-355x212.png') 50% 50% no-repeat;width: 248px;height:213px;margin-bottom: 5px;background-size: cover; \"><\/div>\n\t\t\t\t\t\t\t\t\t  <\/div>\n\t\t\t\t\t\t\t\t\t  \n\t\t\t\t\t\t\t\t   <span class=\"yuzo__text--title\" style=\"font-size:16px;\">Plaidissimo \u2013 Ouverture de votre boutique 100% Plaids<\/span>\n\t\t\t\t\t\t\t  \n\t\t\t\t\t\t\t  \n\t\t\t\t\t\t\t  <\/a>\n\n\t\t\t\t\t\t  <\/div>\n<\/div> <style>\n\t\t\t\t\t\t\t\t.yuzo_related_post img{width:243px !important; height:233px !important;}\n\t\t\t\t\t\t\t\t.yuzo_related_post .relatedthumb{line-height:18px;background: !important;color:!important;}\n\t\t\t\t\t\t\t\t.yuzo_related_post .relatedthumb:hover{background: !important;;color:!important;}\n\t\t\t\t\t\t\t\t.yuzo_related_post .relatedthumb a{color:!important;}\n\t\t\t\t\t\t\t\t.yuzo_related_post .relatedthumb a:hover{ color:}!important;}\n\t\t\t\t\t\t\t\t.yuzo_related_post .relatedthumb:hover a{ color:!important;}\n\t\t\t\t\t\t\t\t.yuzo_related_post .yuzo_text {color:!important;}\n\t\t\t\t\t\t\t\t.yuzo_related_post .relatedthumb:hover .yuzo_text {color:!important;}\n\t\t\t\t\t\t\t\t.yuzo_related_post .relatedthumb{  margin: 0px  0px  0px  0px;   padding: 0px  20px  0px  0px;  }\n\t\t\t\t\t\t\t\t\n\t\t\t\t\t\t\t\t<\/style> <script>\n\t\t\t\t\t\t  jQuery(document).ready(function( $ ){\n\t\t\t\t\t\t\t\/\/jQuery('.yuzo_related_post').equalizer({ overflow : 'relatedthumb' });\n\t\t\t\t\t\t\tjQuery('.yuzo_related_post .yuzo_wraps').equalizer({ columns : '> div' });\n\t\t\t\t\t\t   })\n\t\t\t\t\t\t  <\/script> <!-- End Yuzo :) -->","protected":false},"excerpt":{"rendered":"<p>Les tendances du moment Poursuivez votre lecture Ohhio \u2013 Marque de plaids en tricot g\u00e9ant Comment entretenir son plaid au quotidien (sans le laver) Alpaka \u2013 Plaids de luxe venus du P\u00e9rou<\/p>\n","protected":false},"author":2,"featured_media":0,"parent":0,"menu_order":0,"comment_status":"closed","ping_status":"closed","template":"","meta":{"_monsterinsights_skip_tracking":false,"_monsterinsights_sitenote_active":false,"_monsterinsights_sitenote_note":"","_monsterinsights_sitenote_category":0,"footnotes":""},"class_list":["post-170","page","type-page","status-publish","hentry"],"yoast_head":"<!-- This site is optimized with the Yoast SEO plugin v24.9 - https:\/\/yoast.com\/wordpress\/plugins\/seo\/ -->\n<title>Blog Plaidissimo \u00b7 Informations Pratiques \u00b7 Astuces \u00b7 100% Plaids<\/title>\n<meta name=\"description\" content=\"Blog 100% d\u00e9di\u00e9 aux Plaids \u00b7 D\u00e9couverte de Marques, de Mati\u00e8res, de Tendances \u00b7 Conseils dans le Choix de votre Plaid \u00b7 Astuces d&#039;Entretien et d&#039;Utilisation.\" \/>\n<meta name=\"robots\" content=\"index, follow, max-snippet:-1, max-image-preview:large, max-video-preview:-1\" \/>\n<link rel=\"canonical\" href=\"https:\/\/www.plaidissimo.fr\/blog\/\" \/>\n<meta property=\"og:locale\" content=\"fr_FR\" \/>\n<meta property=\"og:type\" content=\"article\" \/>\n<meta property=\"og:title\" content=\"Blog Plaidissimo \u00b7 Informations Pratiques \u00b7 Astuces \u00b7 100% Plaids\" \/>\n<meta property=\"og:description\" content=\"Blog 100% d\u00e9di\u00e9 aux Plaids \u00b7 D\u00e9couverte de Marques, de Mati\u00e8res, de Tendances \u00b7 Conseils dans le Choix de votre Plaid \u00b7 Astuces d&#039;Entretien et d&#039;Utilisation.\" \/>\n<meta property=\"og:url\" content=\"https:\/\/www.plaidissimo.fr\/blog\/\" \/>\n<meta property=\"og:site_name\" content=\"Plaidissimo\" \/>\n<meta property=\"article:modified_time\" content=\"2023-12-11T22:42:59+00:00\" \/>\n<meta name=\"twitter:card\" content=\"summary_large_image\" \/>\n<meta name=\"twitter:label1\" content=\"Dur\u00e9e de lecture estim\u00e9e\" \/>\n\t<meta name=\"twitter:data1\" content=\"1 minute\" \/>\n<script type=\"application\/ld+json\" class=\"yoast-schema-graph\">{\"@context\":\"https:\/\/schema.org\",\"@graph\":[{\"@type\":\"WebPage\",\"@id\":\"https:\/\/www.plaidissimo.fr\/blog\/\",\"url\":\"https:\/\/www.plaidissimo.fr\/blog\/\",\"name\":\"Blog Plaidissimo \u00b7 Informations Pratiques \u00b7 Astuces \u00b7 100% Plaids\",\"isPartOf\":{\"@id\":\"https:\/\/www.plaidissimo.fr\/blog\/#website\"},\"datePublished\":\"2018-09-23T13:32:44+00:00\",\"dateModified\":\"2023-12-11T22:42:59+00:00\",\"description\":\"Blog 100% d\u00e9di\u00e9 aux Plaids \u00b7 D\u00e9couverte de Marques, de Mati\u00e8res, de Tendances \u00b7 Conseils dans le Choix de votre Plaid \u00b7 Astuces d'Entretien et d'Utilisation.\",\"inLanguage\":\"fr-FR\",\"potentialAction\":[{\"@type\":\"ReadAction\",\"target\":[\"https:\/\/www.plaidissimo.fr\/blog\/\"]}]},{\"@type\":\"WebSite\",\"@id\":\"https:\/\/www.plaidissimo.fr\/blog\/#website\",\"url\":\"https:\/\/www.plaidissimo.fr\/blog\/\",\"name\":\"Plaidissimo\",\"description\":\"Partager la passion des plaids\",\"potentialAction\":[{\"@type\":\"SearchAction\",\"target\":{\"@type\":\"EntryPoint\",\"urlTemplate\":\"https:\/\/www.plaidissimo.fr\/blog\/?s={search_term_string}\"},\"query-input\":{\"@type\":\"PropertyValueSpecification\",\"valueRequired\":true,\"valueName\":\"search_term_string\"}}],\"inLanguage\":\"fr-FR\"}]}<\/script>\n<!-- \/ Yoast SEO plugin. -->","yoast_head_json":{"title":"Blog Plaidissimo \u00b7 Informations Pratiques \u00b7 Astuces \u00b7 100% Plaids","description":"Blog 100% d\u00e9di\u00e9 aux Plaids \u00b7 D\u00e9couverte de Marques, de Mati\u00e8res, de Tendances \u00b7 Conseils dans le Choix de votre Plaid \u00b7 Astuces d'Entretien et d'Utilisation.","robots":{"index":"index","follow":"follow","max-snippet":"max-snippet:-1","max-image-preview":"max-image-preview:large","max-video-preview":"max-video-preview:-1"},"canonical":"https:\/\/www.plaidissimo.fr\/blog\/","og_locale":"fr_FR","og_type":"article","og_title":"Blog Plaidissimo \u00b7 Informations Pratiques \u00b7 Astuces \u00b7 100% Plaids","og_description":"Blog 100% d\u00e9di\u00e9 aux Plaids \u00b7 D\u00e9couverte de Marques, de Mati\u00e8res, de Tendances \u00b7 Conseils dans le Choix de votre Plaid \u00b7 Astuces d'Entretien et d'Utilisation.","og_url":"https:\/\/www.plaidissimo.fr\/blog\/","og_site_name":"Plaidissimo","article_modified_time":"2023-12-11T22:42:59+00:00","twitter_card":"summary_large_image","twitter_misc":{"Dur\u00e9e de lecture estim\u00e9e":"1 minute"},"schema":{"@context":"https:\/\/schema.org","@graph":[{"@type":"WebPage","@id":"https:\/\/www.plaidissimo.fr\/blog\/","url":"https:\/\/www.plaidissimo.fr\/blog\/","name":"Blog Plaidissimo \u00b7 Informations Pratiques \u00b7 Astuces \u00b7 100% Plaids","isPartOf":{"@id":"https:\/\/www.plaidissimo.fr\/blog\/#website"},"datePublished":"2018-09-23T13:32:44+00:00","dateModified":"2023-12-11T22:42:59+00:00","description":"Blog 100% d\u00e9di\u00e9 aux Plaids \u00b7 D\u00e9couverte de Marques, de Mati\u00e8res, de Tendances \u00b7 Conseils dans le Choix de votre Plaid \u00b7 Astuces d'Entretien et d'Utilisation.","inLanguage":"fr-FR","potentialAction":[{"@type":"ReadAction","target":["https:\/\/www.plaidissimo.fr\/blog\/"]}]},{"@type":"WebSite","@id":"https:\/\/www.plaidissimo.fr\/blog\/#website","url":"https:\/\/www.plaidissimo.fr\/blog\/","name":"Plaidissimo","description":"Partager la passion des plaids","potentialAction":[{"@type":"SearchAction","target":{"@type":"EntryPoint","urlTemplate":"https:\/\/www.plaidissimo.fr\/blog\/?s={search_term_string}"},"query-input":{"@type":"PropertyValueSpecification","valueRequired":true,"valueName":"search_term_string"}}],"inLanguage":"fr-FR"}]}},"featured_image_src":null,"featured_image_src_square":null,"_links":{"self":[{"href":"https:\/\/www.plaidissimo.fr\/blog\/wp-json\/wp\/v2\/pages\/170","targetHints":{"allow":["GET"]}}],"collection":[{"href":"https:\/\/www.plaidissimo.fr\/blog\/wp-json\/wp\/v2\/pages"}],"about":[{"href":"https:\/\/www.plaidissimo.fr\/blog\/wp-json\/wp\/v2\/types\/page"}],"author":[{"embeddable":true,"href":"https:\/\/www.plaidissimo.fr\/blog\/wp-json\/wp\/v2\/users\/2"}],"replies":[{"embeddable":true,"href":"https:\/\/www.plaidissimo.fr\/blog\/wp-json\/wp\/v2\/comments?post=170"}],"version-history":[{"count":5,"href":"https:\/\/www.plaidissimo.fr\/blog\/wp-json\/wp\/v2\/pages\/170\/revisions"}],"predecessor-version":[{"id":749,"href":"https:\/\/www.plaidissimo.fr\/blog\/wp-json\/wp\/v2\/pages\/170\/revisions\/749"}],"wp:attachment":[{"href":"https:\/\/www.plaidissimo.fr\/blog\/wp-json\/wp\/v2\/media?parent=170"}],"curies":[{"name":"wp","href":"https:\/\/api.w.org\/{rel}","templated":true}]}}